{"id":27,"date":"2016-04-10T18:13:21","date_gmt":"2016-04-10T18:13:21","guid":{"rendered":"http:\/\/mgv-mammolshain.de\/?page_id=27"},"modified":"2018-07-04T16:06:00","modified_gmt":"2018-07-04T16:06:00","slug":"presse","status":"publish","type":"page","link":"http:\/\/mgv-mammolshain.de\/?page_id=27","title":{"rendered":"Presse"},"content":{"rendered":"<div><\/div>\n<div id=\"content_left\">\n<div class=\"grid-box article\">\n<div class=\"article-content \">\n<article>\n<header>\n<div class=\"views-field-title\">\n<h3 style=\"text-align: left;\">Jahreskonzert des Mammolshainer Gesangvereins Heiterkeit 1806 e.V.<\/h3>\n<p><strong>Mammolshain<\/strong>\u00a0 \u201eDas Jahr, in dem Weihnachten fast auf Freitag, den 13. gefallen w\u00e4re\u201c \u2013 so lautet der Titel des Musicals von Andreas Schmittberger, aus dem die jungen S\u00e4ngerinnen und S\u00e4nger des \u201ekleinen Heiterkeit\u201c unter Leitung von Nadja Gorbacheva, zu Beginn des Jahreskonzerts des Mammolshainer Gesangvereins Heiterkeit Szenen singen und spielen werden.<\/p>\n<\/div>\n<div class=\"views-field-body\">\n<p style=\"text-align: left;\">Neben dem seit 2011 bestehenden Kinderchor, stellt sich der 2017 neu gegr\u00fcndete Jugendchor erstmals dem Publikum mit Weihnachtsliedern vor. Traditionell findet das Jahreskonzert am 2. Adventsonntag, 10. Dezember, ab 17 Uhr (Einlass ab 16.30 Uhr) in die Turnhalle Mammolshain, Schulstra\u00dfe, statt.<\/p>\n<p style=\"text-align: left;\">Ein Jahreskonzert f\u00fcr Jung und Alt, ist die Zielsetzung des Vereins. So folgt dem Auftritt der erfrischend jungen Stimmen des Kinder- und Jugendchores der gemischte Chor des MGV mit Sangesfreunden vom Volkschor Walldorf.<\/p>\n<p style=\"text-align: left;\">Unter der Chorleitung von Matthias Minzberg, bereits im zehnten Jahr der wunderbaren Zusammenarbeit, wird das Publikum mit bekannten Melodien aus Klassik, Operette, Pop, Gospel und eigenen Kompositionen verw\u00f6hnt. Ein Highlight des Abends wird mit Sicherheit auch der Soloauftritt der jungen Mezzosopranistin Britta Diederichs sein. Am Klavier wird sie begleitet vom Mammolshainer Pianisten Kevin Haubitz.<\/p>\n<p style=\"text-align: left;\">Eine Erfrischungspause gibt den G\u00e4sten entsprechend Raum, sich am Tisch in aller Ruhe bedienen zu lassen. Im zweiten Teil des Rahmenprogrammes leitet in der festlich geschm\u00fcckten Halle der Ehrenvorsitzende des Gesangvereins, Rudolf S\u00f6chting, gekonnt auf den weihnachtlichen Teil des Abends \u00fcber.<\/p>\n<p style=\"text-align: left;\">Konzertkarten sind auch an der Abendkasse zum Preis von neun Euro erh\u00e4ltlich.<\/p>\n<p style=\"text-align: left;\">(K\u00f6nigsteiner Woche, 06. Dezember 2017)<\/p>\n<p style=\"text-align: left;\">https:\/\/www.taunus-nachrichten.de\/koenigstein\/aktuelles\/mammolshain\/jahreskonzert-mammolshainer-gesangvereins-heiterkeit-1806-ev-id50855.html<\/p>\n<\/div>\n<h2><\/h2>\n<h2 class=\"ArtikelHeadline\"><span class=\"ArtikelTitel\">Jubel, Trubel \u2013 MGV Heiterkeit: Fr\u00fchlingskonzert zum Jubil\u00e4um<\/span><\/h2>\n<\/header>\n<\/article>\n<\/div>\n<\/div>\n<\/div>\n<p>&nbsp;<\/p>\n<p><strong>Mammolshain<\/strong>. Mit einem Fr\u00fchlingskonzert starten die Mitglieder des MGV Heiterkeit 1906 am Sonntag ganz offiziell in die Feierlichkeiten zum 110j\u00e4hrigen Bestehen ihres Vereins (wir berichteten). F\u00fcr 11 Uhr laden die S\u00e4ngerinnen und S\u00e4nger die B\u00fcrger des Stadtteils und Freunde des Chorgesangs zu einem musikalischen Stelldichein in die Turnhalle ein, zu dem bereits mehrere Ensembles aus der Region ihr Kommen zugesagt haben. Darunter sind aus der direkten Nachbarschaft der Schneidhainer Gesangverein, der MGV Falkenstein und die Kurharmonix aus K\u00f6nigstein sowie der Gesangverein 1855 aus Gonzenheim. Eine etwas weitere Anfahrt haben der gemischte Chor aus Frankfurt-Schwanheim sowie der Frauenchor \u201eDezibella Beuerbach\u201c. Nat\u00fcrlich werden die Gastgeber und Jubilare vom heimischen MGV Heiterkeit nicht nur die gesungenen Gl\u00fcckw\u00fcnsche entgegennehmen, sondern sich auch selbst musikalisch zu Wort melden.<\/p>\n<p>Der gemischte Chor des Vereins wird unter der Leitung von Matthias Minzberg ebenso auf der B\u00fchne zu sehen und zu h\u00f6ren sein, wie der vereinseigene Nachwuchs. Letzterer sogar an besonders prominenter Stelle. Der Kinderchor unter der Leitung von Nadja Gorbacheva wird das Konzert in der Turnhalle er\u00f6ffnen.<\/p>\n<p>Neben den Gesangsdarbietungen, die stilistisch von Pop und Musical, \u00fcber Volkslied und Gospel, bis hin zu Evergreen und Klassik reichen, erwartet die Besucher ein bunter Mix aus Tanzdarbietungen und netten \u00dcberraschungen, die sich die Mammolshainer Vereine zum Jubil\u00e4um des MGV ausgedacht haben. F\u00fcr das leibliche Wohl ist gesorgt. Der Eintritt ist frei.<\/p>\n<p>Mitfeiern kann jeder, mitsingen \u00fcbrigens auch. Wer interessiert daran ist, beim gemischten Chor des MGV miteinzustimmen, ist eingeladen, bei einer der Proben \u2013 immer freitagabends von 20 Uhr an im Dorfgemeinschaftshaus \u2013 reinzuschnuppern.<\/p>\n<p style=\"text-align: left;\" align=\"left\">(Taunuszeitung, vom 15.04.2016)<\/p>\n<p style=\"text-align: left;\" align=\"left\"><a href=\"http:\/\/www.taunus-zeitung.de\/lokales\/hochtaunus\/vordertaunus\/Jubel-Trubel-ndash-MGV-Heiterkeit-Fruehlingskonzert-zum-Jubilaeum;art48711,1961466\">http:\/\/www.taunus-zeitung.de\/lokales\/hochtaunus\/vordertaunus\/Jubel-Trubel-ndash-MGV-Heiterkeit-Fruehlingskonzert-zum-Jubilaeum;art48711,1961466<\/a><\/p>\n<p>&nbsp;<\/p>\n<p>&nbsp;<\/p>\n<h2>MGV Heiterkeit stimmt mit Konzert auf 110-j\u00e4hriges Bestehen ein<\/h2>\n<div class=\"views-field-body\">\n<p>Mammolshain \u2013 Gro\u00dfe Ereignisse werfen ihre Schatten voraus. 2016 feiert der gemischte Chor des Mammolshainer Gesangvereins Heiterkeit sein 110-j\u00e4hriges Bestehen. Einen Vorgeschmack auf das Jubil\u00e4umsjahr mit verschiedenen Veranstaltungen gibt der MGV mit seinem Jahreskonzert am 6. Dezember, 17 Uhr, in der Turnhalle Mammolshain<\/p>\n<p>Highlight des Abends bildet der Auftritt des koreanischen Frauenchors aus Frankfurt. Unter der Leitung von Dr. Myungsin Han begeistert dieser Chor durch die erstklassige Inzenierung und einen stimmgewaltigen Auftritt. Das breitgef\u00e4cherte Repertoire wird in Deutsch, Englisch und Koreanisch vorgetragen. Das prachtvolle Erscheinungsbild des Frauenchors in farbenfrohen, landestypischen Gew\u00e4ndern ist sehenswert.<\/p>\n<p>Des Weiteren folgen Auftritte des MGV mit Sangesfreunden vom Volkschor Walldorf. Mit Chorleiter Matthias Minzberg hat man ein umfangreiches Programm erarbeitet. Man darf sich auf Klassik, wie Mozarts \u201ekleine Nachtmusik\u201c, aber auch Chansons, Gospel und Popmusik freuen. Durchs Programm f\u00fchrt Rudolf S\u00f6chting, Ehrenvorsitzender des MGV und bekannt als charmanter Moderator. Im Laufe des Abends werden auch Ehrungen, aufgrund langj\u00e4hriger Mitgliedschaft, durch die Vorsitzenden des MGV, Kornelia Hinninghofen-Gernhardt, und Edmund Fuchs stattfinden.<\/p>\n<p>Der \u201eKleine Heiterkeit\u201c, gemeint ist der in 2011 gegr\u00fcndete Kinderchor des Vereins, wird zu Beginn des Konzerts die kleine musikalische Weihnachtsgeschichte \u201eLuzi hat was gegen Weihnachten\u201c vortragen. Luzi und seine Unterteufel versuchen die Geburt des Jesuskindes mit allen teuflischen Mitteln zu verhindern. Die Kinder um Chorleiterin Nadja Gorbacheva proben derzeit noch flei\u00dfig und freuen sich bereits auf ihren Auftritt am zweiten Adventsonntag.<\/p>\n<p>Eine kleine Kostprobe gibt der Kinderchor bereits bei einem am kommenden Sonntag, 22. November, gegen 13 Uhr stattfindenden Auftritt in der Turnhalle Mammolshain. Hier l\u00e4dt die katholische Kirche und die Kolpingfamilie zum allj\u00e4hrlichen Adventsbasar ein.<\/p>\n<p>Angesichts des bevorstehenden Weihnachtsfestes werden selbstverst\u00e4ndlich beim Jahreskonzert auch Weihnachtslieder, bekannte und neu entdeckte, vorgetragen. Zum Abschluss singen Chor und G\u00e4ste zusammen bekannte Weihnachtslieder.<\/p>\n<p>F\u00fcr das leibliche Wohl der G\u00e4ste ist durch Bewirtung in der festlich, geschm\u00fcckten Halle in Mammolshain bestens gesorgt.<\/p>\n<p>In diesen Tagen sind engagierte S\u00e4ngerinnen und S\u00e4nger wieder im Ort unterwegs und bieten Konzertkarten zum Verkauf. Diese k\u00f6nnen jedoch auch noch an der Abendkasse<\/p>\n<p>zum Preis neun Euro erworben werden.<\/p>\n<p>Bereits am Samstag, 28. November, kann man den gemischten Chor Heiterkeit um 15.30 Uhr mit einem musikalischen Beitrag im Rahmen der Seniorenadventsfeier im Dorfgemeinschaftshaus Mammolshain h\u00f6ren.<\/p>\n<p>Als Vorschau auf die Ereignisse im Jubil\u00e4umsjahr 2016 sei bereits heute verraten: Ein Fr\u00fchjahrskonzert mit Programm, befreundeten Ch\u00f6ren und Gastauftritten ist f\u00fcr Sonntag, 17. April ab 11 Uhr in der Turnhalle Mammolshain geplant.<\/p>\n<p>Interessiert am Singen im Chor? Lust auf Gesang im Kreis von Gleichgesinnten?<\/p>\n<p>Der MGV Heiterkeit 1906 e.V. probt immer freitagabends, ab 20 Uhr, im Dorfgemeinschaftshaus in Mammolshain. Interessierte G\u00e4ste sind jederzeit herzlich willkommen, zum Mitsingen oder auch erst nur mal zum \u201eReinschnuppern\u201c.<\/p>\n<\/div>\n<p style=\"text-align: left;\">(Taunus Nachrichten, vom 18.11.2015)<\/p>\n<p style=\"text-align: left;\"><a href=\"https:\/\/www.taunus-nachrichten.de\/koenigstein\/aktuelles\/mammolshain\/mgv-heiterkeit-stimmt-konzert-110-jaehriges-bestehen-id27151.html\">https:\/\/www.taunus-nachrichten.de\/koenigstein\/aktuelles\/mammolshain\/mgv-heiterkeit-stimmt-konzert-110-jaehriges-bestehen-id27151.html<\/a><\/p>\n<h2 style=\"text-align: left;\"><\/h2>\n<h2 style=\"text-align: left;\">Gesang von Verdi bis Elvis<\/h2>\n<p style=\"text-align: left;\" align=\"left\"><span class=\"nitf-ortsmarke\"> K\u00f6nigstein.<\/span> Einen Querschnitt durch sein vielseitiges Repertoire bot der Gesangverein Heiterkeit Mammolshain bei seinem schon traditionellen Auftritt im Vortragssaal der KVB-Klinik. Unter Leitung ihres neuen Dirigenten Matthias Minzberg er\u00f6ffneten die S\u00e4ngerinnen und S\u00e4nger mit einem zeitlos klassischen Chorsatz ihr Programm: \u00abDie Gedanken sind frei\u00bb, entstanden in der Zeit der franz\u00f6sischen Revolution.<\/p>\n<p style=\"text-align: left;\" align=\"left\">\u00c4hnlich zeitlos, aber aus der zweiten H\u00e4lfte des 20. Jahrhunderts stammend Elvis Presleys zauberhaft melodisches \u00abAre You Lonesome Tonight\u00bb. Diesem ruhig und klangsch\u00f6n vorgetragenen Titel kontrastierte der ber\u00fchmte Chor der Gefangenen aus Giuseppe Verdis Erfolgsoper \u00abNabucco\u00bb. Die S\u00e4nger lie\u00dfen in weitem melodischem Bogen die Gedanken sanft dahinfliegen und leise am imagin\u00e4ren Ort der Sehnsucht verklingen. Festlich intonierten Minzberg am Klavier und das S\u00e4nger-Ensemble das \u00abFest der Freude\u00bb.<\/p>\n<p style=\"text-align: left;\" align=\"left\">Um was es sich dabei handelte, musste der kenntnisreiche Moderator Rudolf S\u00f6chting, ehemals Vorsitzender der Heiterkeit, nicht erst ank\u00fcndigen. Die \u00abEurovisionsfanfare\u00bb geh\u00f6rt zu den Ohrw\u00fcrmern, die sich im allgemeinen Ged\u00e4chtnis festgesetzt haben. Marc-Antoine Charpentier schrieb sie als Pr\u00e4ludium zu seinem Te Deum D-Dur. Mit dem \u00abHeilig,<br \/>\nheilig, heilig\u00bb aus Franz Schuberts \u00abDeutscher Messe\u00bb stand ein weiteres popul\u00e4res geistliches Werk auf dem Programm der \u00abChormusik am Abend\u00bb, zu der die Kur- und Stadtinformation einl\u00e4dt. Sch\u00f6n erg\u00e4nzten auch \u00abKumbayah, my Lord\u00bb und das altrussische \u00abO Herr, gib Frieden\u00bb einander, ehe\u00ab Die Rosen im Tal\u00bb quasi als vorweggenommener Fr\u00fchlingsgru\u00df stimmungsvoll erbl\u00fchten. Hier wie in den anderen St\u00fccken kam die gute Vorbereitung des Ensembles im homogenen Gesamtklang und der guten Artikulation zur Geltung. Der sechste der ungarischen T\u00e4nze in Des-Dur beschloss das<br \/>\nebenso kurzweilige wie abwechslungsreiche Programm, das zwar wenige, daf\u00fcr jedoch dankbare Zuh\u00f6rer fand.<span class=\"nitf-unknown\">bol<\/span><\/p>\n<p style=\"text-align: left;\" align=\"left\">(Taunuszeitung, vom 12.02.2009)<\/p>\n<h2 style=\"text-align: left;\"><strong> \u201eALLE\u00a0 JAHRE\u00a0 WIEDER\u2026\u2026\u2026\u2026\u2026\u2026\u2026\u2026.<br \/>\nl\u00e4dt der MGV Heiterkeit 1906 e.V. am \u00a0 \u00a0 \u00a0 \u00a0 \u00a0 \u00a0 2. Advent<br \/>\nzu seinem traditionellen Jahreskonzert in die Turnhalle Mammolshain <\/strong><\/h2>\n<p style=\"text-align: left;\">Am 4.12.2011 ist es wieder soweit. Ab 16.30h werden die T\u00fcren ge\u00f6ffnet. Der MGV erwartet wieder viele interessierte G\u00e4ste. Der Kartenvorverkauf ist bereits in vollem Gang, wobei es sich die \u201eAktiven\u201c S\u00e4ngerinnen u. S\u00e4nger nicht nehmen lassen, in Mammolshain den Kartenvorverkauf , stra\u00dfenweise selbst in die Hand zu nehmen. Jedoch auch an der Abendkasse kann man noch Karten zum Preis von 9,&#8211; Euro erwerben. Was wird uns, f\u00fcr diesen seit Jahren konstant gebliebenem Betrag geboten?\u00a0Der gemischte Chor unter der Leitung von Matthias Minzberg stellt wieder einen bunten Reigen von Bekanntem und extra f\u00fcr diese Veranstaltung neu geprobten Werken vor. Von weihnachtlichem, \u00fcber Klassik , Operettenmusik und leichter Muse ist alles vertreten. So freuen wir uns wieder auf einen instrumentalen Auftritt der Grundschulkinder unter Leitung von Herrn Henneberg, sowie einer Gruppe Kindergartenkinder, die mit der Leiterin Brigitte Czerwenka auftreten.<br \/>\nLassen Sie sich \u00fcberraschen , geboten wird ein Soloauftritt: Der Sopranistin Nadeja Gorbacheva mit St\u00fccken von Franz Lehar und Frederick Loewe. Als junge Instrumental K\u00fcnstler tritt das Duo : Corinna Ostermann und Kevin Haubitz auf. Sch\u00fcler der Musikschule Mammolshain unter Leitung von Uwe Kurz werden sie im Laufe des Abends weiter mit Musik verw\u00f6hnen! Das \u201eHighlight\u201c des Programmes in diesem Jahr, dar\u00fcber freut sich der Vorstand ganz besonders,\u00a0 ist der Auftritt des KINDERCHORS\u00a0\u00a0 HEITERKEIT. Was Anfang 2011, mit ersten \u201eSchnupperstunden\u201c begann, bildete sich im Laufe des Jahres nach und nach ein tolles Team von fr\u00f6hlichen, musikbegeisterten Kindern im Alter zwischen 4 bis 10 Jahren, die Spa\u00df am gemeinsamen chorischem Singen haben. Unter der Chorleitung von Nadja Gorbacheva geben Sie am 4.12. ihr Deb\u00fct zum Jahreskonzert 2011. Mit einem Auszug aus dem Musical von Peter Schindler \u201eWeihnachten f\u00e4llt aus\u201c werden sie uns zusammen mit Ambrosius Schneeweiss in himmlische Gefilde entf\u00fchren. Die Moderation der Veranstaltung \u00fcbernimmt, wie bereits seit vielen Jahren, der Ehrenvorsitzende des MGV, Rudolf S\u00f6chting.\u00a0Weitere Aktivit\u00e4ten des MGV in diesem Jahr ist\u00a0 noch ein Auftritt am 9.12.2011 in der KVB. Klinik in K\u00f6nigstein, einer Konzertveranstaltung des Kurb\u00fcros K\u00f6nigstein. Der MGV probt immer Freitags, ab 20.00 im Dorfgemeinschaftshaus in Mammolshain. Wer Lust hat mitzusingen oder nur mal reinschnuppern m\u00f6chte, ist jederzeit\u00a0 herzlich willkommen.<\/p>\n","protected":false},"excerpt":{"rendered":"<p>Jahreskonzert des Mammolshainer Gesangvereins Heiterkeit 1806 e.V. Mammolshain\u00a0 \u201eDas Jahr, in dem Weihnachten fast auf Freitag, den 13. gefallen w\u00e4re\u201c \u2013 so lautet der Titel des Musicals von Andreas Schmittberger, aus dem die jungen S\u00e4ngerinnen und S\u00e4nger des \u201ekleinen Heiterkeit\u201c&#8230; <a class=\"more-link\" href=\"http:\/\/mgv-mammolshain.de\/?page_id=27\">Weiterlesen &rarr;<\/a><\/p>\n","protected":false},"author":1,"featured_media":0,"parent":0,"menu_order":0,"comment_status":"closed","ping_status":"closed","template":"","meta":{"two_page_speed":[],"footnotes":""},"class_list":["post-27","page","type-page","status-publish","hentry"],"_links":{"self":[{"href":"http:\/\/mgv-mammolshain.de\/index.php?rest_route=\/wp\/v2\/pages\/27"}],"collection":[{"href":"http:\/\/mgv-mammolshain.de\/index.php?rest_route=\/wp\/v2\/pages"}],"about":[{"href":"http:\/\/mgv-mammolshain.de\/index.php?rest_route=\/wp\/v2\/types\/page"}],"author":[{"embeddable":true,"href":"http:\/\/mgv-mammolshain.de\/index.php?rest_route=\/wp\/v2\/users\/1"}],"replies":[{"embeddable":true,"href":"http:\/\/mgv-mammolshain.de\/index.php?rest_route=%2Fwp%2Fv2%2Fcomments&post=27"}],"version-history":[{"count":13,"href":"http:\/\/mgv-mammolshain.de\/index.php?rest_route=\/wp\/v2\/pages\/27\/revisions"}],"predecessor-version":[{"id":266,"href":"http:\/\/mgv-mammolshain.de\/index.php?rest_route=\/wp\/v2\/pages\/27\/revisions\/266"}],"wp:attachment":[{"href":"http:\/\/mgv-mammolshain.de\/index.php?rest_route=%2Fwp%2Fv2%2Fmedia&parent=27"}],"curies":[{"name":"wp","href":"https:\/\/api.w.org\/{rel}","templated":true}]}}