{"id":32,"date":"2016-04-10T18:19:41","date_gmt":"2016-04-10T18:19:41","guid":{"rendered":"http:\/\/mgv-mammolshain.de\/?page_id=32"},"modified":"2017-07-31T10:05:42","modified_gmt":"2017-07-31T10:05:42","slug":"sing-mit-uns","status":"publish","type":"page","link":"http:\/\/mgv-mammolshain.de\/?page_id=32","title":{"rendered":"Sing mit uns"},"content":{"rendered":"<p>Der gemischte Chor \u201eHeiterkeit \u201e Mammolshain \u00a0bietet :<\/p>\n<p>Probenarbeit, mit einem motivierten Chorleiter<\/p>\n<ul>\n<li>\u00a0\u00a0\u00a0 abwechselungsreiches Liedgut der verschiedenen Musikrichtungen<\/li>\n<li>\u00a0\u00a0\u00a0 Konzertauftritte, Freundschaftssingen,<\/li>\n<li>\u00a0\u00a0\u00a0 Mitgestalten von musikalischen Veranstaltungen, Vereinsfahrten<\/li>\n<\/ul>\n<p>MITMACHEN KANN JEDE ODER JEDER<\/p>\n<p>die oder\u00a0 der Freude an der Musik und am Singen hat, den Kontakt mit Gleichgesinnten und die Geselligkeit sucht<\/p>\n<p>Notenkenntnisse sind von Vorteil, jedoch <strong>nicht zwingend notwendig. <\/strong><\/p>\n<p><strong>\u00a0\u00a0\u00a0\u00a0\u00a0 <\/strong>Wir singen in der Gemeinschaft, ein Vorsingen wird nicht gefordert.<\/p>\n<p>Wir proben immer FREITAGS von 20.00 Uhr &#8211; 22.00 Uhr, im Dorfgemeinschaftshaus Mammolshain.<\/p>\n<p><em><strong>\u00a0\u00a0\u00a0\u00a0\u00a0 Interessierte begr\u00fc\u00dfen wir zu den Proben jederzeit gerne.<\/strong><strong>\u00a0\u00a0<\/strong><\/em><\/p>\n<p>Wir freuen uns auch \u00fcber passive, f\u00f6rdernde Mitglieder die unserem Verein verbunden sind.<\/p>\n<p><span style=\"font-family: Arial;\">Beitrittserkl\u00e4rungen\/\u00c4nderungen k\u00f6nnen \u00fcber den <b> Link<\/b> ausgef\u00fcllt und ausgedruckt werden.\u00a0 <\/span> Bitte an die Gesch\u00e4ftsstelle versenden.<\/p>\n","protected":false},"excerpt":{"rendered":"<p>Der gemischte Chor \u201eHeiterkeit \u201e Mammolshain \u00a0bietet : Probenarbeit, mit einem motivierten Chorleiter \u00a0\u00a0\u00a0 abwechselungsreiches Liedgut der verschiedenen Musikrichtungen \u00a0\u00a0\u00a0 Konzertauftritte, Freundschaftssingen, \u00a0\u00a0\u00a0 Mitgestalten von musikalischen Veranstaltungen, Vereinsfahrten MITMACHEN KANN JEDE ODER JEDER die oder\u00a0 der Freude an der Musik&#8230; <a class=\"more-link\" href=\"http:\/\/mgv-mammolshain.de\/?page_id=32\">Weiterlesen &rarr;<\/a><\/p>\n","protected":false},"author":1,"featured_media":0,"parent":0,"menu_order":0,"comment_status":"closed","ping_status":"closed","template":"","meta":{"two_page_speed":[],"footnotes":""},"class_list":["post-32","page","type-page","status-publish","hentry"],"_links":{"self":[{"href":"http:\/\/mgv-mammolshain.de\/index.php?rest_route=\/wp\/v2\/pages\/32"}],"collection":[{"href":"http:\/\/mgv-mammolshain.de\/index.php?rest_route=\/wp\/v2\/pages"}],"about":[{"href":"http:\/\/mgv-mammolshain.de\/index.php?rest_route=\/wp\/v2\/types\/page"}],"author":[{"embeddable":true,"href":"http:\/\/mgv-mammolshain.de\/index.php?rest_route=\/wp\/v2\/users\/1"}],"replies":[{"embeddable":true,"href":"http:\/\/mgv-mammolshain.de\/index.php?rest_route=%2Fwp%2Fv2%2Fcomments&post=32"}],"version-history":[{"count":2,"href":"http:\/\/mgv-mammolshain.de\/index.php?rest_route=\/wp\/v2\/pages\/32\/revisions"}],"predecessor-version":[{"id":215,"href":"http:\/\/mgv-mammolshain.de\/index.php?rest_route=\/wp\/v2\/pages\/32\/revisions\/215"}],"wp:attachment":[{"href":"http:\/\/mgv-mammolshain.de\/index.php?rest_route=%2Fwp%2Fv2%2Fmedia&parent=32"}],"curies":[{"name":"wp","href":"https:\/\/api.w.org\/{rel}","templated":true}]}}